{"id":34,"date":"2015-09-22T08:57:34","date_gmt":"2015-09-22T07:57:34","guid":{"rendered":"http:\/\/www.bataille-des-livres.ch\/wp\/2015garand\/?page_id=34"},"modified":"2016-05-18T21:39:34","modified_gmt":"2016-05-18T20:39:34","slug":"5eme-etape","status":"publish","type":"page","link":"http:\/\/www.bataille-des-livres.ch\/wp\/2015garand\/","title":{"rendered":"5\u00e8me \u00e9tape"},"content":{"rendered":"<div style=\"background-color: #dddddd; padding: 5px;\"><a href=\"http:\/\/www.bataille-des-livres.ch\/wp\/2015garand\/files\/2016\/05\/Etape-5-corrige\u0301e.pdf\">Vous pouvez t\u00e9l\u00e9charger le message complet au format pdf ici<\/a>.<\/div>\n<p style=\"text-align: justify;\">Bonjour \u00e0 tous,<\/p>\n<p style=\"text-align: justify;\">Nous voici arriv\u00e9s \u00e0 notre derni\u00e8re \u00e9tape !\u2028 Ce fut un grand plaisir de travailler avec vous ! Vous avez \u00e9t\u00e9 tr\u00e8s inventifs et je me suis r\u00e9gal\u00e9 en d\u00e9couvrant tous ces mondes imaginaires et humoristiques. Je vous invite tous \u00e0 aller voir ce que les autres classes ont r\u00e9alis\u00e9, je suis s\u00fbr que vous aurez autant de plaisir \u00e0 lire les histoires de vos camarades que celles des professionnels !<\/p>\n<p style=\"text-align: justify;\">Profitez-en pour lire les remarques que j&rsquo;ai pu faire pour chaque planche, je les r\u00e9capitule ci-dessous :\u2028 &#8211; Ne pas \u00e9crire votre sc\u00e9nario dans vos cases, il faut le traduire en images et en dialogues.<\/p>\n<p style=\"text-align: justify;\">Enlevez tout ce qui ne sert pas la narration de votre histoire (personnages ou dialogues qui d\u00e9tournent inutilement l\u2019attention du lecteur). \u2028- La lecture se fait de gauche \u00e0 droite et du haut vers le bas. Veillez \u00e0 respecter ce sens de lecture.<\/p>\n<p style=\"text-align: justify;\"><img loading=\"lazy\" class=\"aligncenter size-full wp-image-191\" src=\"http:\/\/www.bataille-des-livres.ch\/wp\/2015garand\/files\/2016\/05\/Sens-de-lecture.jpg\" alt=\"Sens de lecture\" width=\"397\" height=\"499\" srcset=\"http:\/\/www.bataille-des-livres.ch\/wp\/2015garand\/files\/2016\/05\/Sens-de-lecture.jpg 397w, http:\/\/www.bataille-des-livres.ch\/wp\/2015garand\/files\/2016\/05\/Sens-de-lecture-239x300.jpg 239w\" sizes=\"(max-width: 397px) 100vw, 397px\" \/><\/p>\n<p style=\"text-align: justify;\">&#8211; Veillez \u00e9galement \u00e0 respecter l&rsquo;encha\u00eenement chronologique de votre sc\u00e9nario.<\/p>\n<p style=\"text-align: justify;\">&#8211; Arrangez-vous pour bien remplir votre page en jouant sur la taille des cases. Mais n&rsquo;ajoutez surtout pas de case pour faire du remplissage !<\/p>\n<p style=\"text-align: justify;\">&#8211; Pensez \u00e0 utiliser de grandes cases pour installer un d\u00e9cor, de petites cases pour les plans rapproch\u00e9s et des cases de taille moyenne pour le reste.<\/p>\n<p style=\"text-align: justify;\">&#8211; Soignez bien les dialogues, ils vous permettent de dire des choses que vous ne pouvez pas dessiner parce que ce serait trop difficile ou parce que \u00e7a prendrait trop de place.<\/p>\n<p style=\"text-align: justify;\">&#8211; Pour notre exercice, essayez de vous cantonner \u00e0 une page.<\/p>\n<p style=\"text-align: justify;\">&#8211; Quand vous commencez une case, \u00e9crivez d&rsquo;abord les textes des dialogues en haut. Faites votre dessin en dessous en laissant de la place autour des dialogues puis entourez vos textes sans toucher les mots. Reliez vos bulles aux personnages respectifs.<\/p>\n<p style=\"text-align: justify;\"><a href=\"http:\/\/www.bataille-des-livres.ch\/wp\/2015garand\/files\/2016\/05\/Lisibilit\u00e9.jpg\"><img loading=\"lazy\" class=\"alignleft wp-image-190\" src=\"http:\/\/www.bataille-des-livres.ch\/wp\/2015garand\/files\/2016\/05\/Lisibilit\u00e9-158x300.jpg\" alt=\"Lisibilit\u00e9\" width=\"218\" height=\"404\" \/><\/a><\/p>\n<p style=\"text-align: justify;\">La case A est tr\u00e8s difficile \u00e0 comprendre.<\/p>\n<p style=\"text-align: justify;\">1 -Le texte est beaucoup trop serr\u00e9 dans la bulle. La lecture est tr\u00e8s difficile.<\/p>\n<p style=\"text-align: justify;\">2 &#8211; La bulle recouvre une partie du dessin qui devient lui aussi tr\u00e8s confus.<\/p>\n<p style=\"text-align: justify;\">Les cases B et C sont claires et faciles \u00e0 comprendre.<\/p>\n<p style=\"text-align: justify;\">1 &#8211; Pour chaque dialogue,\u2028il y a de l\u2019espace entre le texte et le contour de sa bulle. Les textes sont \u00e9crits tr\u00e8s lisiblement.<\/p>\n<p style=\"text-align: justify;\">2 &#8211; Les bulles sont suffisamment \u00e9loign\u00e9es des personnages pour ne pas g\u00eaner la lecture des images.<\/p>\n<p style=\"text-align: justify;\">Voil\u00e0 ! C\u2019est \u00e0 peu pr\u00e8s tout ce qu\u2019il y avait \u00e0 dire. Pour moi, le plus important \u00e9tait de vous amener \u00e0 faire un d\u00e9coupage. Car une fois que cette \u00e9tape est r\u00e9ussie, vous avez fait 90% du chemin.<\/p>\n<p style=\"text-align: justify;\">Donc pour ceux qui ne sont pas encore satisfaits de leur d\u00e9coupage, profitez de cette 5\u00e8me \u00e9tape pour le retravailler ! Peut-\u00eatre vous faut-il revoir un peu le sc\u00e9nario, il est peut-\u00eatre trop long, trop court, il contient peut-\u00eatre des sc\u00e8nes, des personnages ou des dialogues inutiles. Puis refaites votre d\u00e9coupage en prenant note des conseils collect\u00e9s.<\/p>\n<p style=\"text-align: justify;\">Une fois celui-ci termin\u00e9, faites-le lire au moins par trois personnes diff\u00e9rentes : amis, professeurs, fr\u00e8res, s\u0153urs, parents. (Il est important que ces personnes soient des gens qui aiment lire des BD).\u2028Pendant leur lecture, restez \u00e0 c\u00f4t\u00e9 d\u2019eux sans rien dire. Notez sur une feuille ce qu&rsquo;ils ne comprennent pas. Corrigez votre d\u00e9coupage en cons\u00e9quence jusqu&rsquo;\u00e0 ce qu&rsquo;au moins deux personnes sur trois comprennent bien votre histoire. Si c\u2019est le cas, vous avez rempli votre contrat !<\/p>\n<p style=\"text-align: justify;\">Pour ceux qui ont r\u00e9ussi leur d\u00e9coupage, vous pouvez passer \u00e0 la mise au propre. Pour le dessin, il n\u2019y a pas de technique obligatoire. Les dessinateurs de BD utilisent souvent des feutres noirs avec des pointes de diff\u00e9rentes tailles. On peut aussi travailler \u00e0 l\u2019encre de chine avec une plume ou un pinceau. Ou m\u00eame simplement au crayon. D\u2019autres utilisent directement la couleur. Choisissez la technique que vous pr\u00e9f\u00e9rez.<\/p>\n<p style=\"text-align: justify;\">Si vous pensez ne pas r\u00e9ussir \u00e0 \u00e9crire proprement dans vos bulles, vous pouvez taper vos textes sur ordinateur, imprimez-les, d\u00e9coupez-les et collez-les sur votre planche. Ne tracez les bulles qu\u2019apr\u00e8s avoir coll\u00e9 les textes.<\/p>\n<p style=\"text-align: justify;\">Je pense avoir tout dit. N\u2019h\u00e9sitez pas \u00e0 me contacter par courriel si vous avez des questions. Je me r\u00e9jouis de lire d\u2019autres histoires sous forme de d\u00e9coupage ou sous leur forme d\u00e9finitive. Cinq par classe comme \u00e0 l\u2019accoutum\u00e9e.<\/p>\n<p style=\"text-align: justify;\">On dit que faire de la B.D. est un m\u00e9tier de fain\u00e9ant, mais vous avez pu remarquer que c\u2019est un vrai travail \ud83d\ude09 Voici une page sur ce sujet \ud83d\ude09<\/p>\n<p style=\"text-align: justify;\"><img loading=\"lazy\" class=\"aligncenter size-large wp-image-189\" src=\"http:\/\/www.bataille-des-livres.ch\/wp\/2015garand\/files\/2016\/05\/Le-monde-de-la-BD-coul-724x1024.jpg\" alt=\"Le monde de la BD coul\" width=\"584\" height=\"826\" srcset=\"http:\/\/www.bataille-des-livres.ch\/wp\/2015garand\/files\/2016\/05\/Le-monde-de-la-BD-coul-724x1024.jpg 724w, http:\/\/www.bataille-des-livres.ch\/wp\/2015garand\/files\/2016\/05\/Le-monde-de-la-BD-coul-212x300.jpg 212w, http:\/\/www.bataille-des-livres.ch\/wp\/2015garand\/files\/2016\/05\/Le-monde-de-la-BD-coul-768x1087.jpg 768w, http:\/\/www.bataille-des-livres.ch\/wp\/2015garand\/files\/2016\/05\/Le-monde-de-la-BD-coul.jpg 850w\" sizes=\"(max-width: 584px) 100vw, 584px\" \/><\/p>\n<p style=\"text-align: justify;\">Bon courage et \u00e0 bient\u00f4t\u00a0!<\/p>\n<div style=\"background-color: #dddddd; padding: 5px;\">Merci de publier au maximum <strong>5 productions<\/strong> avec des images au <strong>format jpg<\/strong> et de veiller \u00e0 ce que les images ne d\u00e9passent pas <strong>800 Ko<\/strong> afin de limiter le temps de chargement de la page.<\/div>\n","protected":false},"excerpt":{"rendered":"<p>Vous pouvez t\u00e9l\u00e9charger le message complet au format pdf ici. Bonjour \u00e0 tous, Nous voici arriv\u00e9s \u00e0 notre derni\u00e8re \u00e9tape !\u2028 Ce fut un grand plaisir de travailler avec vous ! Vous avez \u00e9t\u00e9 tr\u00e8s inventifs et je me suis &hellip; <a href=\"http:\/\/www.bataille-des-livres.ch\/wp\/2015garand\/\">Continuer la lecture <span class=\"meta-nav\">&rarr;<\/span><\/a><\/p>\n","protected":false},"author":1,"featured_media":0,"parent":23,"menu_order":0,"comment_status":"open","ping_status":"closed","template":"","meta":[],"_links":{"self":[{"href":"http:\/\/www.bataille-des-livres.ch\/wp\/2015garand\/wp-json\/wp\/v2\/pages\/34"}],"collection":[{"href":"http:\/\/www.bataille-des-livres.ch\/wp\/2015garand\/wp-json\/wp\/v2\/pages"}],"about":[{"href":"http:\/\/www.bataille-des-livres.ch\/wp\/2015garand\/wp-json\/wp\/v2\/types\/page"}],"author":[{"embeddable":true,"href":"http:\/\/www.bataille-des-livres.ch\/wp\/2015garand\/wp-json\/wp\/v2\/users\/1"}],"replies":[{"embeddable":true,"href":"http:\/\/www.bataille-des-livres.ch\/wp\/2015garand\/wp-json\/wp\/v2\/comments?post=34"}],"version-history":[{"count":7,"href":"http:\/\/www.bataille-des-livres.ch\/wp\/2015garand\/wp-json\/wp\/v2\/pages\/34\/revisions"}],"predecessor-version":[{"id":195,"href":"http:\/\/www.bataille-des-livres.ch\/wp\/2015garand\/wp-json\/wp\/v2\/pages\/34\/revisions\/195"}],"up":[{"embeddable":true,"href":"http:\/\/www.bataille-des-livres.ch\/wp\/2015garand\/wp-json\/wp\/v2\/pages\/23"}],"wp:attachment":[{"href":"http:\/\/www.bataille-des-livres.ch\/wp\/2015garand\/wp-json\/wp\/v2\/media?parent=34"}],"curies":[{"name":"wp","href":"https:\/\/api.w.org\/{rel}","templated":true}]}}