{"id":20,"date":"2016-10-09T17:49:42","date_gmt":"2016-10-09T15:49:42","guid":{"rendered":"http:\/\/www.bataille-des-livres.ch\/wp\/2016kavian\/?page_id=20"},"modified":"2017-05-14T21:36:27","modified_gmt":"2017-05-14T19:36:27","slug":"5eme-etape","status":"publish","type":"page","link":"http:\/\/www.bataille-des-livres.ch\/wp\/2016kavian\/","title":{"rendered":"5\u00e8me \u00e9tape"},"content":{"rendered":"<div style=\"background-color: #dddddd; padding: 5px;\"><a href=\"http:\/\/www.bataille-des-livres.ch\/wp\/2016kavian\/files\/2017\/05\/Etape5.pdf\">Vous pouvez t\u00e9l\u00e9charger le message complet au format pdf ici<\/a>.<\/div>\n<p>&nbsp;<\/p>\n<p>Bonjour \u00e0 tous\u00a0!<\/p>\n<p>Nous voil\u00e0 presque au bout de notre projet. Il vous reste la derni\u00e8re mission, mais je pense que vous avez devin\u00e9\u00a0: il s\u2019agit de terminer votre histoire\u00a0!!!<\/p>\n<p>Ceux qui ont continu\u00e9 leur carnet, leur propre histoire, ont plus de temps, finalement, ils termineront leur histoire (je l\u2019esp\u00e8re\u00a0!!!) \u00e0 leur rythme.<\/p>\n<p>Donc, pour vos histoires collectives, je vous sugg\u00e8re de relire tous ensemble ce que vous avez d\u00e9j\u00e0 \u00e9crit, puis de r\u00e9fl\u00e9chir ensemble \u00e0 la suite, et \u00e0 la fin, de prendre des notes, puis de l\u2019\u00e9crire.<\/p>\n<p>Parfois, on n\u2019est pas s\u00fbr de soi, parfois on ne sait pas si l\u2019histoire va int\u00e9resser les autres. A chaque roman, je vis cela. Je doute. Ce que j\u2019ai appris avec le temps, c\u2019est que c\u2019est uniquement quand on va au bout du projet, de l\u2019histoire, qu\u2019on peut savoir si elle est int\u00e9ressante. Je sais que la fin de l\u2019ann\u00e9e approche, mais vraiment, je vous souhaite de trouver le temps d\u2019aller au bout de votre projet. Aller au bout de quelque chose, c\u2019est d\u00e9j\u00e0 r\u00e9ussir quelque chose\u00a0!<\/p>\n<p>Pour ma part, je viens \u00e0 l\u2019instant de terminer mon roman, je vous l\u2019envoie. C\u2019est donc la troisi\u00e8me partie, racont\u00e9e par Dahlia (et le dernier petit morceau par Fanny). Il y aura des choses que vous aimez trouver dans les histoires, faites-moi confiance\u00a0! Vos avis m\u2019int\u00e9ressent\u2026<\/p>\n<p>&#8211; J\u2019h\u00e9site entre plusieurs titres\u00a0: \u00ab\u00a0Schtoumpinetta\u00a0\u00bb, \u00ab\u00a0le tr\u00e9sor de Schtoumpinetta\u00a0\u00bb, \u00ab\u00a0Notre tr\u00e9sor\u00a0\u00bb, \u00ab\u00a0le tr\u00e9sor du village englouti\u00a0\u00bb. Vous avez une pr\u00e9f\u00e9rence\u00a0? Quel titre vous attirerait le plus, si vous ne connaissiez pas l\u2019histoire\u00a0?<\/p>\n<p>&#8211; Il y a un tr\u00e9sor, bien s\u00fbr, mais avez-vous compris quel est le v\u00e9ritable tr\u00e9sor, dans cette histoire\u00a0?<\/p>\n<p>&#8211; Seriez-vous d\u2019accord de me faire une liste des choses que vous adorez trouver dans les histoires\u00a0? (cela me donnera des pistes pour de prochaines histoires, si je veux \u00e9crire pour des jeunes de votre \u00e2ge\u00a0!)<\/p>\n<p>Je vous souhaite de bien terminer votre histoire, et cette ann\u00e9e\u00a0! Pour moi, je sais d\u00e9j\u00e0 que de cette ann\u00e9e, je garderai le souvenir de ce projet d\u2019\u00e9criture avec vous!<\/p>\n<p>Eva Kavian<\/p>\n<p><strong>\u00a0<a href=\"http:\/\/www.bataille-des-livres.ch\/wp\/2016kavian\/files\/2017\/05\/Schtoumpinetta.pdf\">Le roman \u00e0 t\u00e9l\u00e9charger<\/a><\/strong><\/p>\n<div style=\"background-color: #dddddd; padding: 5px;\">\n<p>Notre atelier touche \u00e0 sa fin ! D&rsquo;ici <strong>au 2 juin<\/strong>, vous allez apporter une conclusion \u00e0 vos romans. Quant \u00e0 Eva Kavian, elle vous \u00a0le livre en premi\u00e8re lecture. Quelle chance !<\/p>\n<p>Nous esp\u00e9rons que vous avez eu du plaisir \u00e0 vivre cet atelier d&rsquo;\u00e9criture et vous souhaitons pour ce dernier \u00e9change, inspiration et enthousiasme.<\/p>\n<\/div>\n","protected":false},"excerpt":{"rendered":"<p>Vous pouvez t\u00e9l\u00e9charger le message complet au format pdf ici. &nbsp; Bonjour \u00e0 tous\u00a0! Nous voil\u00e0 presque au bout de notre projet. Il vous reste la derni\u00e8re mission, mais je pense que vous avez devin\u00e9\u00a0: il s\u2019agit de terminer votre &hellip; <a href=\"http:\/\/www.bataille-des-livres.ch\/wp\/2016kavian\/\">Continuer la lecture <span class=\"meta-nav\">&rarr;<\/span><\/a><\/p>\n","protected":false},"author":1,"featured_media":0,"parent":10,"menu_order":0,"comment_status":"open","ping_status":"closed","template":"","meta":[],"_links":{"self":[{"href":"http:\/\/www.bataille-des-livres.ch\/wp\/2016kavian\/wp-json\/wp\/v2\/pages\/20"}],"collection":[{"href":"http:\/\/www.bataille-des-livres.ch\/wp\/2016kavian\/wp-json\/wp\/v2\/pages"}],"about":[{"href":"http:\/\/www.bataille-des-livres.ch\/wp\/2016kavian\/wp-json\/wp\/v2\/types\/page"}],"author":[{"embeddable":true,"href":"http:\/\/www.bataille-des-livres.ch\/wp\/2016kavian\/wp-json\/wp\/v2\/users\/1"}],"replies":[{"embeddable":true,"href":"http:\/\/www.bataille-des-livres.ch\/wp\/2016kavian\/wp-json\/wp\/v2\/comments?post=20"}],"version-history":[{"count":4,"href":"http:\/\/www.bataille-des-livres.ch\/wp\/2016kavian\/wp-json\/wp\/v2\/pages\/20\/revisions"}],"predecessor-version":[{"id":112,"href":"http:\/\/www.bataille-des-livres.ch\/wp\/2016kavian\/wp-json\/wp\/v2\/pages\/20\/revisions\/112"}],"up":[{"embeddable":true,"href":"http:\/\/www.bataille-des-livres.ch\/wp\/2016kavian\/wp-json\/wp\/v2\/pages\/10"}],"wp:attachment":[{"href":"http:\/\/www.bataille-des-livres.ch\/wp\/2016kavian\/wp-json\/wp\/v2\/media?parent=20"}],"curies":[{"name":"wp","href":"https:\/\/api.w.org\/{rel}","templated":true}]}}