{"id":11,"date":"2017-06-19T08:29:51","date_gmt":"2017-06-19T06:29:51","guid":{"rendered":"http:\/\/www.bataille-des-livres.ch\/wp\/2017degruel\/?page_id=11"},"modified":"2017-11-06T20:58:17","modified_gmt":"2017-11-06T19:58:17","slug":"1ere-etape","status":"publish","type":"page","link":"http:\/\/www.bataille-des-livres.ch\/wp\/2017degruel\/calendrier\/1ere-etape\/","title":{"rendered":"1\u00e8re \u00e9tape"},"content":{"rendered":"<div style=\"background-color: #dddddd; padding: 5px;\"><a href=\"http:\/\/www.bataille-des-livres.ch\/wp\/2017degruel\/files\/2017\/11\/Etape1.pdf\">Vous pouvez t\u00e9l\u00e9charger le message complet au format pdf ici<\/a>.<\/div>\n<p>&nbsp;<\/p>\n<p>Bonjour les enfants,<\/p>\n<p>Je m\u2019appelle Yann D\u00e9gruel !<br \/>\nDepuis tout petit je me raconte des histoires fantastiques, et je m\u2019invente des personnages de papier&#8230; Je suis g\u00e2t\u00e9 par la vie, car aujourd\u2019hui c\u2019est mon m\u00e9tier.<br \/>\n<a href=\"http:\/\/www.bataille-des-livres.ch\/wp\/2017degruel\/files\/2017\/11\/img_1_1.jpg\"><img loading=\"lazy\" class=\"alignleft wp-image-56 size-full\" src=\"http:\/\/www.bataille-des-livres.ch\/wp\/2017degruel\/files\/2017\/11\/img_1_1.jpg\" alt=\"\" width=\"429\" height=\"432\" srcset=\"http:\/\/www.bataille-des-livres.ch\/wp\/2017degruel\/files\/2017\/11\/img_1_1.jpg 429w, http:\/\/www.bataille-des-livres.ch\/wp\/2017degruel\/files\/2017\/11\/img_1_1-150x150.jpg 150w, http:\/\/www.bataille-des-livres.ch\/wp\/2017degruel\/files\/2017\/11\/img_1_1-298x300.jpg 298w\" sizes=\"(max-width: 429px) 100vw, 429px\" \/><\/a><a href=\"http:\/\/www.bataille-des-livres.ch\/wp\/2017degruel\/files\/2017\/11\/img_1_2.jpg\"><img loading=\"lazy\" class=\"wp-image-57 size-full alignnone\" src=\"http:\/\/www.bataille-des-livres.ch\/wp\/2017degruel\/files\/2017\/11\/img_1_2.jpg\" alt=\"\" width=\"210\" height=\"131\" \/><\/a><\/p>\n<p>J\u2019ai un chat qui s\u2019appelle PLUME, parce que j\u2019adore les Animaux et le Cirque Plume ! Je trouve que les chats c\u2019est comme des petits lions, et que parfois la vie, c\u2019est un peu comme un Cirque ! Tous les jours, j\u2019apprends \u00e0 jongler avec les id\u00e9es, \u00e0 faire des acrobaties avec mes \u00e9motions et \u00e0 me tenir en \u00e9quilibre sur le fil qui me relie avec le monde !<\/p>\n<p><a href=\"http:\/\/www.bataille-des-livres.ch\/wp\/2017degruel\/files\/2017\/11\/img_1_3.jpg\"><img loading=\"lazy\" class=\"aligncenter wp-image-58 size-full\" src=\"http:\/\/www.bataille-des-livres.ch\/wp\/2017degruel\/files\/2017\/11\/img_1_3.jpg\" alt=\"\" width=\"426\" height=\"253\" srcset=\"http:\/\/www.bataille-des-livres.ch\/wp\/2017degruel\/files\/2017\/11\/img_1_3.jpg 426w, http:\/\/www.bataille-des-livres.ch\/wp\/2017degruel\/files\/2017\/11\/img_1_3-300x178.jpg 300w\" sizes=\"(max-width: 426px) 100vw, 426px\" \/><\/a><\/p>\n<p>&nbsp;<\/p>\n<p>Voici un dessin qui repr\u00e9sente un futur projet sur les 5 \u00e9l\u00e9ments chinois.<\/p>\n<p><a href=\"http:\/\/www.bataille-des-livres.ch\/wp\/2017degruel\/files\/2017\/11\/img_1_4.jpg\"><img loading=\"lazy\" class=\"alignleft size-full wp-image-59\" src=\"http:\/\/www.bataille-des-livres.ch\/wp\/2017degruel\/files\/2017\/11\/img_1_4.jpg\" alt=\"\" width=\"300\" height=\"203\" \/><\/a><\/p>\n<p>J\u2019aime bien aussi les marionnettes. Avec un complice, j\u2019ai mis en sc\u00e8ne un spectacle tir\u00e9 de ma Bande-Dessin\u00e9e \u00ab l\u2019 Enfant d\u2019\u00e9l\u00e9phant\u00bb.<\/p>\n<p><a href=\"http:\/\/www.bataille-des-livres.ch\/wp\/2017degruel\/files\/2017\/11\/img_1_5.jpg\"><img loading=\"lazy\" class=\"size-full wp-image-60 alignnone\" src=\"http:\/\/www.bataille-des-livres.ch\/wp\/2017degruel\/files\/2017\/11\/img_1_5.jpg\" alt=\"\" width=\"192\" height=\"114\" \/><\/a><\/p>\n<p style=\"text-align: left;\"><a href=\"http:\/\/www.bataille-des-livres.ch\/wp\/2017degruel\/files\/2017\/11\/img_1_6.jpg\"><img loading=\"lazy\" class=\"alignright size-full wp-image-61\" src=\"http:\/\/www.bataille-des-livres.ch\/wp\/2017degruel\/files\/2017\/11\/img_1_6.jpg\" alt=\"\" width=\"307\" height=\"206\" srcset=\"http:\/\/www.bataille-des-livres.ch\/wp\/2017degruel\/files\/2017\/11\/img_1_6.jpg 307w, http:\/\/www.bataille-des-livres.ch\/wp\/2017degruel\/files\/2017\/11\/img_1_6-300x201.jpg 300w\" sizes=\"(max-width: 307px) 100vw, 307px\" \/><\/a><\/p>\n<p>&nbsp;<\/p>\n<p style=\"text-align: left;\">J\u2019adore les crocodiles, je trouve que c\u2019est un animal monstrueux qui a travers\u00e9 les p\u00e9riodes de l\u2019histoire&#8230;<br \/>\nVous imaginez, \u00e0 la Pr\u00e9histoire, il \u00e9tait d\u00e9j\u00e0 l\u00e0 !<\/p>\n<p>&nbsp;<\/p>\n<p>&nbsp;<\/p>\n<p>&nbsp;<\/p>\n<p>Mais ce que j\u2019aime bien aussi c\u2019est jouer de la guitare et de<br \/>\nl\u2019accord\u00e9on. J\u2019ai m\u00eame un groupe qui s\u2019appelle les BESTIOLES !<\/p>\n<p><a href=\"http:\/\/www.bataille-des-livres.ch\/wp\/2017degruel\/files\/2017\/11\/img_1_7.jpg\"><img loading=\"lazy\" class=\"aligncenter size-full wp-image-62\" src=\"http:\/\/www.bataille-des-livres.ch\/wp\/2017degruel\/files\/2017\/11\/img_1_7.jpg\" alt=\"\" width=\"493\" height=\"192\" srcset=\"http:\/\/www.bataille-des-livres.ch\/wp\/2017degruel\/files\/2017\/11\/img_1_7.jpg 493w, http:\/\/www.bataille-des-livres.ch\/wp\/2017degruel\/files\/2017\/11\/img_1_7-300x117.jpg 300w\" sizes=\"(max-width: 493px) 100vw, 493px\" \/><\/a><a href=\"http:\/\/www.bataille-des-livres.ch\/wp\/2017degruel\/files\/2017\/11\/img_1_8.jpg\"><img loading=\"lazy\" class=\"aligncenter size-full wp-image-49\" src=\"http:\/\/www.bataille-des-livres.ch\/wp\/2017degruel\/files\/2017\/11\/img_1_8.jpg\" alt=\"\" width=\"509\" height=\"343\" srcset=\"http:\/\/www.bataille-des-livres.ch\/wp\/2017degruel\/files\/2017\/11\/img_1_8.jpg 509w, http:\/\/www.bataille-des-livres.ch\/wp\/2017degruel\/files\/2017\/11\/img_1_8-300x202.jpg 300w, http:\/\/www.bataille-des-livres.ch\/wp\/2017degruel\/files\/2017\/11\/img_1_8-445x300.jpg 445w\" sizes=\"(max-width: 509px) 100vw, 509px\" \/><\/a><\/p>\n<p>J\u2019aime aussi sortir de l\u2019atelier pour aller observer le monde&#8230;<br \/>\nEn ce moment je dessine beaucoup de portraits, j\u2019aime regarder les gens dans les yeux, je trouve que c\u2019est comme si je pouvais admirer un tr\u00e9sor !<\/p>\n<p><a href=\"http:\/\/www.bataille-des-livres.ch\/wp\/2017degruel\/files\/2017\/11\/img_1_9.jpg\"><img loading=\"lazy\" class=\"alignleft size-full wp-image-50\" src=\"http:\/\/www.bataille-des-livres.ch\/wp\/2017degruel\/files\/2017\/11\/img_1_9.jpg\" alt=\"\" width=\"222\" height=\"328\" srcset=\"http:\/\/www.bataille-des-livres.ch\/wp\/2017degruel\/files\/2017\/11\/img_1_9.jpg 222w, http:\/\/www.bataille-des-livres.ch\/wp\/2017degruel\/files\/2017\/11\/img_1_9-203x300.jpg 203w\" sizes=\"(max-width: 222px) 100vw, 222px\" \/><\/a><a href=\"http:\/\/www.bataille-des-livres.ch\/wp\/2017degruel\/files\/2017\/11\/img_1_10.jpg\"><img loading=\"lazy\" class=\"size-full wp-image-51 alignnone\" src=\"http:\/\/www.bataille-des-livres.ch\/wp\/2017degruel\/files\/2017\/11\/img_1_10.jpg\" alt=\"\" width=\"257\" height=\"166\" \/><\/a><\/p>\n<p>J\u2019aime bien me balader dans la nature et \u00eatre avec les arbres !<br \/>\nJe pense que les arbres sont des \u00eatres immortels\u2026<br \/>\nJ\u2019aime bien faire du v\u00e9lo et porter des \u00e9charpes de laine qui tiennent chaud ! Sur un v\u00e9lo je me sens libre comme l\u2019air !<br \/>\nJ\u2019aime \u00e9couter l\u2019eau.<\/p>\n<p>&nbsp;<\/p>\n<p style=\"text-align: center;\">Cette ann\u00e9e nous allons travailler ensemble.<\/p>\n<p style=\"text-align: center;\">Pour \u00eatre un bon Auteur-dessinateur, je vous propose de respecter une r\u00e8gle toute simple&#8230;<\/p>\n<p style=\"text-align: center;\">la r\u00e8gle du C-O-C<\/p>\n<p style=\"text-align: center;\">C comme Concentration :<\/p>\n<p style=\"text-align: center;\">Il faut \u00eatre calme, pos\u00e9 et tranquille pour<br \/>\ndessiner et avoir des id\u00e9es.<\/p>\n<p style=\"text-align: center;\">O comme Observation :<\/p>\n<p style=\"text-align: center;\">Tu dois avoir un oeil de lynx comme un<br \/>\nchasseur-cueilleur.<\/p>\n<p style=\"text-align: center;\">C comme Confiance en toi :<\/p>\n<p style=\"text-align: center;\">Cela veut dire que lorsque que tu as une id\u00e9e qui vient \u00e0 l\u2019int\u00e9rieur de toi, accepte-la m\u00eame si tu penses qu\u2019elle est nulle ! si \u00e7a se trouve elle est super bien !<br \/>\nCela s\u2019appelle l\u2019intuition !<br \/>\nEt si jamais tu te trompes tu peux toujours recommencer !<\/p>\n<p style=\"text-align: center;\">Ceci \u00e9tant dit nous pouvons commencer le travail !<br \/>\nJe vous propose de regarder la vid\u00e9o pour bien comprendre votre mission !<br \/>\nprendre une Feuille A3 format paysage<\/p>\n<div style=\"width: 584px;\" class=\"wp-video\"><!--[if lt IE 9]><script>document.createElement('video');<\/script><![endif]-->\n<video class=\"wp-video-shortcode\" id=\"video-11-1\" width=\"584\" height=\"329\" preload=\"metadata\" controls=\"controls\"><source type=\"video\/mp4\" src=\"http:\/\/www.bataille-des-livres.ch\/wp\/2017degruel\/files\/2017\/11\/vid_1.mp4?_=1\" \/><a href=\"http:\/\/www.bataille-des-livres.ch\/wp\/2017degruel\/files\/2017\/11\/vid_1.mp4\">http:\/\/www.bataille-des-livres.ch\/wp\/2017degruel\/files\/2017\/11\/vid_1.mp4<\/a><\/video><\/div>\n<p style=\"text-align: center;\">TOI QUI \u00c9COUTES,<br \/>\nje te demande de dessiner ce petit \u00absapiens\u00bb<br \/>\nde la t\u00eate aux pieds avec ce mod\u00e8le ;<br \/>\nTOI QUI OBSERVES,<br \/>\nil y a 23 formes de<br \/>\ndiff\u00e9rentes tailles.<\/p>\n<p><a href=\"http:\/\/www.bataille-des-livres.ch\/wp\/2017degruel\/files\/2017\/11\/img_1_11.jpg\"><img loading=\"lazy\" class=\"aligncenter wp-image-52 size-full\" src=\"http:\/\/www.bataille-des-livres.ch\/wp\/2017degruel\/files\/2017\/11\/img_1_11.jpg\" alt=\"\" width=\"496\" height=\"350\" srcset=\"http:\/\/www.bataille-des-livres.ch\/wp\/2017degruel\/files\/2017\/11\/img_1_11.jpg 496w, http:\/\/www.bataille-des-livres.ch\/wp\/2017degruel\/files\/2017\/11\/img_1_11-300x212.jpg 300w, http:\/\/www.bataille-des-livres.ch\/wp\/2017degruel\/files\/2017\/11\/img_1_11-425x300.jpg 425w\" sizes=\"(max-width: 496px) 100vw, 496px\" \/><\/a><\/p>\n<p>Apr\u00e8s avoir pos\u00e9 le squelette, je te demande de dessiner en silhouette. le corps du personnage en lui rajoutant de la chair et de la peau.<\/p>\n<p><a href=\"http:\/\/www.bataille-des-livres.ch\/wp\/2017degruel\/files\/2017\/11\/img_1_12.jpg\"><img loading=\"lazy\" class=\"size-full wp-image-53 aligncenter\" src=\"http:\/\/www.bataille-des-livres.ch\/wp\/2017degruel\/files\/2017\/11\/img_1_12.jpg\" alt=\"\" width=\"482\" height=\"326\" srcset=\"http:\/\/www.bataille-des-livres.ch\/wp\/2017degruel\/files\/2017\/11\/img_1_12.jpg 482w, http:\/\/www.bataille-des-livres.ch\/wp\/2017degruel\/files\/2017\/11\/img_1_12-300x203.jpg 300w, http:\/\/www.bataille-des-livres.ch\/wp\/2017degruel\/files\/2017\/11\/img_1_12-444x300.jpg 444w\" sizes=\"(max-width: 482px) 100vw, 482px\" \/><\/a><\/p>\n<p>Ensuite l\u2019id\u00e9e est de plier la feuille en 2 et de PARTAGER l\u2019espace de la derni\u00e8re page EN 4 cases.<\/p>\n<p><a href=\"http:\/\/www.bataille-des-livres.ch\/wp\/2017degruel\/files\/2017\/11\/img_1_13.jpg\"><img loading=\"lazy\" class=\"alignleft size-full wp-image-54\" src=\"http:\/\/www.bataille-des-livres.ch\/wp\/2017degruel\/files\/2017\/11\/img_1_13.jpg\" alt=\"\" width=\"275\" height=\"222\" \/><\/a><\/p>\n<p>Ensuite le travail est\u00a0 de faire marcher le petit sapiens, de le faire courir, sauter<br \/>\npuis tomber !<br \/>\nObserve bien le mod\u00e8le, tu verras que<br \/>\nle sol bouge quand il saute\u2026 quand il<br \/>\ntombe, il n\u2019y a plus de sol !<\/p>\n<p><a href=\"http:\/\/www.bataille-des-livres.ch\/wp\/2017degruel\/files\/2017\/11\/img_1_14.jpg\"><img loading=\"lazy\" class=\"aligncenter size-full wp-image-55\" src=\"http:\/\/www.bataille-des-livres.ch\/wp\/2017degruel\/files\/2017\/11\/img_1_14.jpg\" alt=\"\" width=\"333\" height=\"467\" srcset=\"http:\/\/www.bataille-des-livres.ch\/wp\/2017degruel\/files\/2017\/11\/img_1_14.jpg 333w, http:\/\/www.bataille-des-livres.ch\/wp\/2017degruel\/files\/2017\/11\/img_1_14-214x300.jpg 214w\" sizes=\"(max-width: 333px) 100vw, 333px\" \/><\/a><\/p>\n<p>Si tu as r\u00e9ussi \u00e0 dessiner le petit Sapiens dans ces cinq positions, tu as rempli ta mission et tu peux t\u2019arr\u00eater l\u00e0, car tu as bien travaill\u00e9 !<\/p>\n<p>Si tu as encore envie de dessiner et que cet exercice t\u2019a mis en app\u00e9tit, alors prends une nouvelles feuille A3 en mode paysage, plie-la en deux et tu auras un nouveau feuillet tout neuf, avec 4 pages que tu pourras remplir de petits Sapiens dans de nouvelles attitudes !<\/p>\n<p>Voici une liste d\u2019actions que le petit Sapiens pourrait faire<\/p>\n<p>REBONDIR ( SUR UN MAMMOUTH )<br \/>\nTOMBER DANS L\u2019EAU ( SPLAOUTCH) tu peux \u00e9crire le son cela s\u2019appelle une ONOMATOP\u00c9E<br \/>\nNAGER<br \/>\nREMONTER SUR TERRE<br \/>\nS\u2019\u00c9TIRER<br \/>\nS\u2019ALLONGER<br \/>\nS\u2019ENDORMIR<br \/>\nSE R\u00c9VEILLER BRUSQUEMENT<br \/>\nDANSER<br \/>\nSE REMETTRE A COURIR<br \/>\nS\u2019ACCROCHER<br \/>\nPLONGER<br \/>\nSE TORDRE LE BRAS DROIT<\/p>\n<p>&#8230;si tu as d\u2019autres id\u00e9es d\u2019actions, n\u2019h\u00e9site pas.<\/p>\n<p style=\"text-align: center;\">Toi qui veux apprendre \u00e0 faire de la Bande-Dessin\u00e9e, tu dois arriver \u00e0 faire bouger le m\u00eame corps du petit Sapiens comme s\u2019il s\u2019agissait d\u2019une petite marionnette&#8230;<\/p>\n<p style=\"text-align: center;\">Mais tu dois aussi trouver des id\u00e9es pour comprendre pourquoi le petit Sapiens bouge comme \u00e7a !<\/p>\n<p style=\"text-align: center;\">Par la moustache du Chameau qui p\u00e8te;<br \/>\nmais que s\u2019est-il pass\u00e9 ?<\/p>\n<p style=\"text-align: center;\">Pourquoi s\u2019est-il brusquement mis \u00e0 courir !<br \/>\nparce qu\u2019il est affam\u00e9 et<br \/>\nqu\u2019il a vu un arbre \u00e0 sandwich ?<br \/>\nou parce qu\u2019il est poursuivi par un pith\u00e9canthrope affam\u00e9 !<\/p>\n<p style=\"text-align: center;\">Pourquoi a-t-il saut\u00e9 ?<br \/>\nEst-il tomb\u00e9 dans l\u2019eau ?<br \/>\nou Sur la t\u00eate d\u2019un rhinoc\u00e9ros laineux ?<\/p>\n<p style=\"text-align: center;\">\u00e0 moins qu\u2019il ne soit tomb\u00e9 sur une Bande<br \/>\nde Tatars Sauvages des Montagnes !<\/p>\n<p style=\"text-align: center;\">Toi qui te racontes des histoires<br \/>\nraconte-moi la suite et devine \u00e0 quelle p\u00e9riode<br \/>\nde l\u2019histoire appartient le petit Sapiens.<\/p>\n<p style=\"text-align: right;\">Yann D\u00e9gruel<\/p>\n<p>&nbsp;<\/p>\n<div style=\"background-color: #dddddd; padding: 5px;\">\n<p>Yann D\u00e9gruel vous demande de vous \u00e9clater en dessinant un seul et m\u00eame personnage qui adopte une multitude de positions diff\u00e9rentes. Pas facile. Il vous demande \u00e9galement de r\u00e9fl\u00e9chir aux raisons de toute cette agitation. Pourquoi le personnage fait tel ou tel mouvement ? Ce n\u2019est s\u00fbrement pas un hasard !<br \/>\nCela est bien utile pour comprendre une histoire !<br \/>\nPour lui faire d\u00e9couvrir votre travail sur le site, chacun de vous peut dessiner sur une grande feuille le personnage qui lui semble le plus r\u00e9ussi dans sa s\u00e9rie. Votre enseignant prendra cette feuille collective en photo et la mettra sur le site.<br \/>\nVous pouvez aussi \u00e9num\u00e9rer quelques id\u00e9es int\u00e9ressantes que vous avez eues en cours de travail. Et n\u2019oubliez pas de pr\u00e9senter votre classe ! Peut-\u00eatre est-ce par l\u00e0 que vous pourriez commencer !<\/p>\n<\/div>\n","protected":false},"excerpt":{"rendered":"<p>Vous pouvez t\u00e9l\u00e9charger le message complet au format pdf ici. &nbsp; Bonjour les enfants, Je m\u2019appelle Yann D\u00e9gruel ! Depuis tout petit je me raconte des histoires fantastiques, et je m\u2019invente des personnages de papier&#8230; Je suis g\u00e2t\u00e9 par la &hellip; <a href=\"http:\/\/www.bataille-des-livres.ch\/wp\/2017degruel\/calendrier\/1ere-etape\/\">Continuer la lecture <span class=\"meta-nav\">&rarr;<\/span><\/a><\/p>\n","protected":false},"author":1,"featured_media":0,"parent":9,"menu_order":0,"comment_status":"open","ping_status":"closed","template":"","meta":[],"_links":{"self":[{"href":"http:\/\/www.bataille-des-livres.ch\/wp\/2017degruel\/wp-json\/wp\/v2\/pages\/11"}],"collection":[{"href":"http:\/\/www.bataille-des-livres.ch\/wp\/2017degruel\/wp-json\/wp\/v2\/pages"}],"about":[{"href":"http:\/\/www.bataille-des-livres.ch\/wp\/2017degruel\/wp-json\/wp\/v2\/types\/page"}],"author":[{"embeddable":true,"href":"http:\/\/www.bataille-des-livres.ch\/wp\/2017degruel\/wp-json\/wp\/v2\/users\/1"}],"replies":[{"embeddable":true,"href":"http:\/\/www.bataille-des-livres.ch\/wp\/2017degruel\/wp-json\/wp\/v2\/comments?post=11"}],"version-history":[{"count":8,"href":"http:\/\/www.bataille-des-livres.ch\/wp\/2017degruel\/wp-json\/wp\/v2\/pages\/11\/revisions"}],"predecessor-version":[{"id":68,"href":"http:\/\/www.bataille-des-livres.ch\/wp\/2017degruel\/wp-json\/wp\/v2\/pages\/11\/revisions\/68"}],"up":[{"embeddable":true,"href":"http:\/\/www.bataille-des-livres.ch\/wp\/2017degruel\/wp-json\/wp\/v2\/pages\/9"}],"wp:attachment":[{"href":"http:\/\/www.bataille-des-livres.ch\/wp\/2017degruel\/wp-json\/wp\/v2\/media?parent=11"}],"curies":[{"name":"wp","href":"https:\/\/api.w.org\/{rel}","templated":true}]}}