{"id":13,"date":"2017-06-19T08:30:04","date_gmt":"2017-06-19T06:30:04","guid":{"rendered":"http:\/\/www.bataille-des-livres.ch\/wp\/2017degruel\/?page_id=13"},"modified":"2017-12-11T22:45:27","modified_gmt":"2017-12-11T21:45:27","slug":"2eme-etape","status":"publish","type":"page","link":"http:\/\/www.bataille-des-livres.ch\/wp\/2017degruel\/calendrier\/2eme-etape\/","title":{"rendered":"2\u00e8me \u00e9tape"},"content":{"rendered":"<p>Bonjour \u00e0 tous,<\/p>\n<p>Yann D\u00e9gruel vous propose sa deuxi\u00e8me mission \u00e0 nouveau sous forme de vid\u00e9o. Il vous invite \u00e0 vous pencher sur le dessin de visages, d\u2019essayer de les rendre le plus expressifs possible. Pour ce faire, vous pouvez vous exercer \u00e0 partir <a href=\"http:\/\/www.bataille-des-livres.ch\/wp\/2017degruel\/files\/2017\/12\/tableau-a-expressions.jpg\">du tableau qu\u2019il vous joint.<\/a><\/p>\n<p>Tout en dessinant vous pouvez imaginer l\u2019aventure qui arrive \u00e0 votre personnage, selon l\u2019expression que vous voulez travailler\u2026<\/p>\n<div style=\"width: 584px;\" class=\"wp-video\"><!--[if lt IE 9]><script>document.createElement('video');<\/script><![endif]-->\n<video class=\"wp-video-shortcode\" id=\"video-13-1\" width=\"584\" height=\"329\" preload=\"metadata\" controls=\"controls\"><source type=\"video\/mp4\" src=\"http:\/\/www.bataille-des-livres.ch\/wp\/2017degruel\/files\/2017\/12\/Atelier-2_bas.mp4?_=1\" \/><a href=\"http:\/\/www.bataille-des-livres.ch\/wp\/2017degruel\/files\/2017\/12\/Atelier-2_bas.mp4\">http:\/\/www.bataille-des-livres.ch\/wp\/2017degruel\/files\/2017\/12\/Atelier-2_bas.mp4<\/a><\/video><\/div>\n<p>&nbsp;<\/p>\n<div style=\"background-color: #dddddd; padding: 5px;\">\n<p>A nouveau, comme lors de la premi\u00e8re mission, vous pouvez r\u00e9unir vos dessins et publiez une photo de ces dessins sur le site.<\/p>\n<p>Nous attendons vos publications pour le <strong>12 janvier au plus tard<\/strong> et vous souhaitons de joyeuses f\u00eates et de belles vacances.<\/p>\n<\/div>\n","protected":false},"excerpt":{"rendered":"<p>Bonjour \u00e0 tous, Yann D\u00e9gruel vous propose sa deuxi\u00e8me mission \u00e0 nouveau sous forme de vid\u00e9o. Il vous invite \u00e0 vous pencher sur le dessin de visages, d\u2019essayer de les rendre le plus expressifs possible. Pour ce faire, vous pouvez &hellip; <a href=\"http:\/\/www.bataille-des-livres.ch\/wp\/2017degruel\/calendrier\/2eme-etape\/\">Continuer la lecture <span class=\"meta-nav\">&rarr;<\/span><\/a><\/p>\n","protected":false},"author":1,"featured_media":0,"parent":9,"menu_order":0,"comment_status":"open","ping_status":"closed","template":"","meta":[],"_links":{"self":[{"href":"http:\/\/www.bataille-des-livres.ch\/wp\/2017degruel\/wp-json\/wp\/v2\/pages\/13"}],"collection":[{"href":"http:\/\/www.bataille-des-livres.ch\/wp\/2017degruel\/wp-json\/wp\/v2\/pages"}],"about":[{"href":"http:\/\/www.bataille-des-livres.ch\/wp\/2017degruel\/wp-json\/wp\/v2\/types\/page"}],"author":[{"embeddable":true,"href":"http:\/\/www.bataille-des-livres.ch\/wp\/2017degruel\/wp-json\/wp\/v2\/users\/1"}],"replies":[{"embeddable":true,"href":"http:\/\/www.bataille-des-livres.ch\/wp\/2017degruel\/wp-json\/wp\/v2\/comments?post=13"}],"version-history":[{"count":4,"href":"http:\/\/www.bataille-des-livres.ch\/wp\/2017degruel\/wp-json\/wp\/v2\/pages\/13\/revisions"}],"predecessor-version":[{"id":78,"href":"http:\/\/www.bataille-des-livres.ch\/wp\/2017degruel\/wp-json\/wp\/v2\/pages\/13\/revisions\/78"}],"up":[{"embeddable":true,"href":"http:\/\/www.bataille-des-livres.ch\/wp\/2017degruel\/wp-json\/wp\/v2\/pages\/9"}],"wp:attachment":[{"href":"http:\/\/www.bataille-des-livres.ch\/wp\/2017degruel\/wp-json\/wp\/v2\/media?parent=13"}],"curies":[{"name":"wp","href":"https:\/\/api.w.org\/{rel}","templated":true}]}}