{"id":9,"date":"2017-06-19T08:25:29","date_gmt":"2017-06-19T06:25:29","guid":{"rendered":"http:\/\/www.bataille-des-livres.ch\/wp\/2017may\/?page_id=9"},"modified":"2017-10-22T13:50:52","modified_gmt":"2017-10-22T11:50:52","slug":"calendrier","status":"publish","type":"page","link":"http:\/\/www.bataille-des-livres.ch\/wp\/2017may\/calendrier\/","title":{"rendered":"Calendrier"},"content":{"rendered":"<p><strong>7 novembre 2017 :<\/strong> Publication de la premi\u00e8re \u00e9tape.<br \/>\n<strong>du 7 novembre au 24 novembre :<\/strong> Retours des classes.<\/p>\n<p><strong>12 d\u00e9cembre 2017 :<\/strong> Publication de la deuxi\u00e8me \u00e9tape.<br \/>\n<strong>du 12 d\u00e9cembre au 12 janvier:<\/strong> Retours des classes.<\/p>\n<p><strong>6 f\u00e9vrier 2018 :<\/strong> Publication de la troisi\u00e8me \u00e9tape.<br \/>\n<strong>du 6 f\u00e9vrier au 2 mars :<\/strong> Retours des classes.<\/p>\n<p><strong>27 mars 2018 :<\/strong> Publication de la quatri\u00e8me \u00e9tape.<br \/>\n<strong>du 27 mars au 27 avril :<\/strong> Retours des classes.<\/p>\n<p><strong>22 mai 2018 :<\/strong> Publication de la cinqui\u00e8me \u00e9tape.<br \/>\n<strong>du 22 mai au 8 juin :<\/strong> Retours des classes.<\/p>\n","protected":false},"excerpt":{"rendered":"<p>7 novembre 2017 : Publication de la premi\u00e8re \u00e9tape. du 7 novembre au 24 novembre : Retours des classes. 12 d\u00e9cembre 2017 : Publication de la deuxi\u00e8me \u00e9tape. du 12 d\u00e9cembre au 12 janvier: Retours des classes. 6 f\u00e9vrier 2018 &hellip; <a href=\"http:\/\/www.bataille-des-livres.ch\/wp\/2017may\/calendrier\/\">Continuer la lecture <span class=\"meta-nav\">&rarr;<\/span><\/a><\/p>\n","protected":false},"author":1,"featured_media":0,"parent":0,"menu_order":0,"comment_status":"closed","ping_status":"closed","template":"","meta":[],"_links":{"self":[{"href":"http:\/\/www.bataille-des-livres.ch\/wp\/2017may\/wp-json\/wp\/v2\/pages\/9"}],"collection":[{"href":"http:\/\/www.bataille-des-livres.ch\/wp\/2017may\/wp-json\/wp\/v2\/pages"}],"about":[{"href":"http:\/\/www.bataille-des-livres.ch\/wp\/2017may\/wp-json\/wp\/v2\/types\/page"}],"author":[{"embeddable":true,"href":"http:\/\/www.bataille-des-livres.ch\/wp\/2017may\/wp-json\/wp\/v2\/users\/1"}],"replies":[{"embeddable":true,"href":"http:\/\/www.bataille-des-livres.ch\/wp\/2017may\/wp-json\/wp\/v2\/comments?post=9"}],"version-history":[{"count":2,"href":"http:\/\/www.bataille-des-livres.ch\/wp\/2017may\/wp-json\/wp\/v2\/pages\/9\/revisions"}],"predecessor-version":[{"id":41,"href":"http:\/\/www.bataille-des-livres.ch\/wp\/2017may\/wp-json\/wp\/v2\/pages\/9\/revisions\/41"}],"wp:attachment":[{"href":"http:\/\/www.bataille-des-livres.ch\/wp\/2017may\/wp-json\/wp\/v2\/media?parent=9"}],"curies":[{"name":"wp","href":"https:\/\/api.w.org\/{rel}","templated":true}]}}