{"id":180,"date":"2012-04-02T15:38:41","date_gmt":"2012-04-02T15:38:41","guid":{"rendered":"http:\/\/www.bataille-des-livres.ch\/wp\/atelier-friot\/?page_id=180"},"modified":"2012-05-30T12:33:59","modified_gmt":"2012-05-30T12:33:59","slug":"6eme-activite","status":"publish","type":"page","link":"http:\/\/www.bataille-des-livres.ch\/wp\/atelier-friot\/11-2\/6eme-activite\/","title":{"rendered":"6\u00e8me activit\u00e9"},"content":{"rendered":"<p>Bonjour,<\/p>\n<p>Voici donc la derni\u00e8re proposition d&rsquo;\u00e9criture. Toute fin est un peu triste&#8230; sauf quand elle annonce des suites et un autre d\u00e9but. Pour moi, c&rsquo;est le cas. Les textes que j&rsquo;ai lus sont pleins d&rsquo;\u00e9nergie, de fantaisie, d&rsquo;humour, mais aussi d&rsquo;\u00e9motion. Cela me donne envie, \u00e0 mon tour, de continuer \u00e0 \u00e9crire, \u00e0 faire \u00e9crire, \u00e0 lire, \u00e0 partager.<\/p>\n<p>Je voudrais vous faire un petit cadeau virtuel. C&rsquo;est juste un conseil : allez dans les biblioth\u00e8ques et les libraires et cherchez les livres de Gianni Rodari, un auteur italien qui m&rsquo;a beaucoup inspir\u00e9. Par exemple, lisez les \u00ab\u00a0Histoires au t\u00e9l\u00e9phone\u00a0\u00bb (publi\u00e9es par l&rsquo;\u00e9diteur suisse La joie de lire) et cherchez l&rsquo;histoire \u00ab\u00a0Le feu bleu\u00a0\u00bb. Elle vous donnera envie&#8230; de voler !<\/p>\n<p>Merci \u00e0 toutes les classes (enseignants et \u00e9l\u00e8ves) qui ont r\u00e9pondu \u00e0 mes propositions. C&rsquo;est un vrai dialogue que nous avons nou\u00e9.<\/p>\n<p>Comme dit un de mes amis \u00e9crivains : \u00ab\u00a0rendez-vous au prochain livre\u00a0\u00bb.<\/p>\n<p>Cordialement<\/p>\n<p>Bernard Friot<\/p>\n<p>&nbsp;<\/p>\n<p><strong>Une histoire \u00e0 trou\u00a0!<\/strong><\/p>\n<p>Quand on \u00e9crit une histoire, on ne raconte jamais tout. Il y a des \u00ab\u00a0blancs\u00a0\u00bb dans le texte que le lecteur remplit. Par exemple, quand on lit \u00ab\u00a0Deux jours plus tard\u00a0\u00bb, on imagine ce qui a pu se passer pendant l\u2019intervalle.<\/p>\n<p>Mais, cette fois-ci, j\u2019ai un peu exag\u00e9r\u00e9\u00a0! Je me suis amus\u00e9 \u00e0 raconter l\u2019histoire suivante en laissant un gros, gros trou\u00a0! Pour le compl\u00e9ter, il faut imaginer ce qui est arriv\u00e9 aux petits g\u00e2teaux que le prince Zo a envoy\u00e9s \u00e0 la princesse Hortense-Ursule.<\/p>\n<p>Vous pouvez aussi inventer une histoire-myst\u00e8re sur le m\u00eame principe\u00a0: l\u2019histoire semble compl\u00e8te mais ne dit pas tout\u00a0!<\/p>\n<p><strong>Les petits g\u00e2teaux<br \/>\n<\/strong>Il \u00e9tait une fois une princesse qui s\u2019appelait Hortense-Ursule. C\u2019est un peu long \u00e0 \u00e9crire, mais ses parents, le roi Ji et la reine Ul, trouvaient que c\u2019\u00e9tait un vrai pr\u00e9nom de princesse, alors elle s\u2019appelait comme \u00e7a.<\/p>\n<p>Il \u00e9tait une fois (dans la m\u00eame histoire), un jeune prince qui s\u2019appelait Zo. C\u2019est un peu court (et un peu idiot), mais ses parents le roi Jean-Adalbert-Ferdinand II et la reine Marie-Adela\u00efde-Yvonette, trouvaient que c\u2019est un pr\u00e9nom pratique pour un prince, alors il s\u2019appelait comme \u00e7a.<\/p>\n<p>Hortense-Ursule et Zo se rencontr\u00e8rent \u00e0 un bal et, entre les deux, ce fut le coup de foudre. Mais comme ils \u00e9taient timides tous deux, ils n\u2019os\u00e8rent s\u2019avouer leur amour.<\/p>\n<p>Ils rest\u00e8rent longtemps l\u2019un \u00e0 c\u00f4t\u00e9 de l\u2019autre, croquant des petits g\u00e2teaux et se regardant \u00e0 la d\u00e9rob\u00e9e. Au bout d\u2019un long moment, Zo rassembla tout son courage et balbutia\u00a0:<\/p>\n<p>&#8211; Aimez-vous les sabl\u00e9s au beurre sal\u00e9\u00a0?<\/p>\n<p>Tr\u00e8s \u00e9mue, Hortense-Ursule murmura :<\/p>\n<p>&#8211; Oh, oui\u00a0!<\/p>\n<p>La conversation s\u2019arr\u00eata l\u00e0. Quand le bal se termina, ils se quitt\u00e8rent sans espoir de se revoir jamais.<\/p>\n<p>Le prince Zo, heureusement, \u00e9tait fut\u00e9 et bon cuisinier. Il pr\u00e9para des sabl\u00e9s au beurre sal\u00e9 en forme de lettres de l\u2019alphabet, vingt et une exactement, qui, align\u00e9es, formaient la phrase suivante\u00a0:<\/p>\n<p>JE T AIME HORTENSE URSULE<\/p>\n<p>Ensuite, il rangea les lettres dans une bo\u00eete et l\u2019exp\u00e9dia, par la poste royale, \u00e0 l\u2019adresse de sa bien-aim\u00e9e.<\/p>\n<p>Le c\u0153ur battant, il attendit la r\u00e9ponse. Elle arriva deux jours plus tard\u00a0: une enveloppe \u00e9paisse contenant une bo\u00eete de mouchoirs en papier parfum\u00e9s \u00e0 l\u2019eucalyptus et un message.<\/p>\n<p>Sur le message, cette courte phrase\u00a0:<\/p>\n<p>Bon r\u00e9tablissement\u00a0!<\/p>\n<p><em><strong>Mais que s\u2019est-il donc pass\u00e9\u00a0? A vous d\u2019imaginer\u00a0!<\/strong><\/em><\/p>\n<p>&nbsp;<\/p>\n<p><strong>Pour t\u00e9l\u00e9charger : <a href=\"http:\/\/www.bataille-des-livres.ch\/wp\/atelier-friot\/files\/2012\/04\/envoi-6-friot.pdf\" target=\"_blank\">le 6\u00e8me envoi l&rsquo;auteur<\/a><\/strong><\/p>\n<div style=\"width: 750px; height: auto; overflow: auto; border: 1px solid black; background: none repeat scroll 0% 0% #eeeeee; padding: 10px 15px 10px 5em;\">\n<p align=\"LEFT\"><span style=\"font-family: Times;\"><span style=\"font-family: Bookman Old Style;\"><strong>Voici la proposition de cet atelier : Une histoire-myst\u00e8re<\/strong><\/span><\/span><\/p>\n<p>Je me suis amus\u00e9 \u00e0 raconter l\u2019histoire suivante en laissant un gros, gros trou ! Pour le compl\u00e9ter, il faut imaginer ce qui est arriv\u00e9 aux petits g\u00e2teaux que le prince Zo a envoy\u00e9s \u00e0 la princesse Hortense-Ursule.<\/p>\n<p><strong>Mais que s\u2019est-il donc pass\u00e9 ? A vous d\u2019imaginer !<\/strong><\/p>\n<p><em>Vous pouvez aussi inventer une histoire-myst\u00e8re sur le m\u00eame principe : l\u2019histoire semble compl\u00e8te mais ne dit pas tout !<\/em><\/p>\n<\/div>\n<p>&nbsp;<\/p>\n<div style=\"width: 750px; height: auto; overflow: auto; border: 1px solid black; background: none repeat scroll 0% 0% #cccccc; padding: 10px 0px 5px 5em;\">\n<div><strong>Pour proposer vos explications et votre histoire-myst\u00e8re :<br \/>\n<\/strong><\/div>\n<div>Utilisez la zone de commentaire en bas de page. <em>IMPORTANT : Vous devez vous connecter pour laisser un commentaire.<\/em><\/div>\n<\/div>\n","protected":false},"excerpt":{"rendered":"<p>Bonjour, Voici donc la derni\u00e8re proposition d&rsquo;\u00e9criture. Toute fin est un peu triste&#8230; sauf quand elle annonce des suites et un autre d\u00e9but. Pour moi, c&rsquo;est le cas. Les textes que j&rsquo;ai lus sont pleins d&rsquo;\u00e9nergie, de fantaisie, d&rsquo;humour, mais &hellip; <a href=\"http:\/\/www.bataille-des-livres.ch\/wp\/atelier-friot\/11-2\/6eme-activite\/\">Continuer la lecture <span class=\"meta-nav\">&rarr;<\/span><\/a><\/p>\n","protected":false},"author":1,"featured_media":0,"parent":11,"menu_order":0,"comment_status":"closed","ping_status":"closed","template":"","meta":[],"_links":{"self":[{"href":"http:\/\/www.bataille-des-livres.ch\/wp\/atelier-friot\/wp-json\/wp\/v2\/pages\/180"}],"collection":[{"href":"http:\/\/www.bataille-des-livres.ch\/wp\/atelier-friot\/wp-json\/wp\/v2\/pages"}],"about":[{"href":"http:\/\/www.bataille-des-livres.ch\/wp\/atelier-friot\/wp-json\/wp\/v2\/types\/page"}],"author":[{"embeddable":true,"href":"http:\/\/www.bataille-des-livres.ch\/wp\/atelier-friot\/wp-json\/wp\/v2\/users\/1"}],"replies":[{"embeddable":true,"href":"http:\/\/www.bataille-des-livres.ch\/wp\/atelier-friot\/wp-json\/wp\/v2\/comments?post=180"}],"version-history":[{"count":15,"href":"http:\/\/www.bataille-des-livres.ch\/wp\/atelier-friot\/wp-json\/wp\/v2\/pages\/180\/revisions"}],"predecessor-version":[{"id":218,"href":"http:\/\/www.bataille-des-livres.ch\/wp\/atelier-friot\/wp-json\/wp\/v2\/pages\/180\/revisions\/218"}],"up":[{"embeddable":true,"href":"http:\/\/www.bataille-des-livres.ch\/wp\/atelier-friot\/wp-json\/wp\/v2\/pages\/11"}],"wp:attachment":[{"href":"http:\/\/www.bataille-des-livres.ch\/wp\/atelier-friot\/wp-json\/wp\/v2\/media?parent=180"}],"curies":[{"name":"wp","href":"https:\/\/api.w.org\/{rel}","templated":true}]}}