{"id":8,"date":"2014-11-02T21:32:52","date_gmt":"2014-11-02T20:32:52","guid":{"rendered":"http:\/\/www.bataille-des-livres.ch\/wp\/barman2014a\/?page_id=8"},"modified":"2014-11-02T21:32:52","modified_gmt":"2014-11-02T20:32:52","slug":"a-propos","status":"publish","type":"page","link":"http:\/\/www.bataille-des-livres.ch\/wp\/barman2014a\/a-propos\/","title":{"rendered":"A propos"},"content":{"rendered":"<p>Tr\u00e8s souvent, les auteurs \u00e9crivent leur texte et ce n&rsquo;est qu&rsquo;ensuite que l&rsquo;\u00e9diteur cherche l&rsquo;illustrateur qui lui para\u00eet le mieux correspondre \u00e0 la po\u00e9sie du texte.<\/p>\n<p>Cette ann\u00e9e, ces ateliers d&rsquo;\u00e9criture ont des illustrateurs, mais pas d&rsquo;auteurs. Sampar du Canada, Adrienne Barman de Suisse et Laurent Audouin de France ont pr\u00e9par\u00e9 trois illustrations qui forment un tout coh\u00e9rent \u2026<\/p>\n<p>A vous,  classes participantes d&rsquo;en \u00eatre les AUTEURS. <\/p>\n","protected":false},"excerpt":{"rendered":"<p>Tr\u00e8s souvent, les auteurs \u00e9crivent leur texte et ce n&rsquo;est qu&rsquo;ensuite que l&rsquo;\u00e9diteur cherche l&rsquo;illustrateur qui lui para\u00eet le mieux correspondre \u00e0 la po\u00e9sie du texte. Cette ann\u00e9e, ces ateliers d&rsquo;\u00e9criture ont des illustrateurs, mais pas d&rsquo;auteurs. Sampar du Canada, &hellip; <a href=\"http:\/\/www.bataille-des-livres.ch\/wp\/barman2014a\/a-propos\/\">Continuer la lecture <span class=\"meta-nav\">&rarr;<\/span><\/a><\/p>\n","protected":false},"author":1,"featured_media":0,"parent":0,"menu_order":0,"comment_status":"closed","ping_status":"closed","template":"","meta":[],"_links":{"self":[{"href":"http:\/\/www.bataille-des-livres.ch\/wp\/barman2014a\/wp-json\/wp\/v2\/pages\/8"}],"collection":[{"href":"http:\/\/www.bataille-des-livres.ch\/wp\/barman2014a\/wp-json\/wp\/v2\/pages"}],"about":[{"href":"http:\/\/www.bataille-des-livres.ch\/wp\/barman2014a\/wp-json\/wp\/v2\/types\/page"}],"author":[{"embeddable":true,"href":"http:\/\/www.bataille-des-livres.ch\/wp\/barman2014a\/wp-json\/wp\/v2\/users\/1"}],"replies":[{"embeddable":true,"href":"http:\/\/www.bataille-des-livres.ch\/wp\/barman2014a\/wp-json\/wp\/v2\/comments?post=8"}],"version-history":[{"count":1,"href":"http:\/\/www.bataille-des-livres.ch\/wp\/barman2014a\/wp-json\/wp\/v2\/pages\/8\/revisions"}],"predecessor-version":[{"id":9,"href":"http:\/\/www.bataille-des-livres.ch\/wp\/barman2014a\/wp-json\/wp\/v2\/pages\/8\/revisions\/9"}],"wp:attachment":[{"href":"http:\/\/www.bataille-des-livres.ch\/wp\/barman2014a\/wp-json\/wp\/v2\/media?parent=8"}],"curies":[{"name":"wp","href":"https:\/\/api.w.org\/{rel}","templated":true}]}}