{"id":59,"date":"2013-01-06T23:00:24","date_gmt":"2013-01-06T22:00:24","guid":{"rendered":"http:\/\/www.bataille-des-livres.ch\/wp\/chabin\/?page_id=59"},"modified":"2013-02-04T00:15:11","modified_gmt":"2013-02-03T23:15:11","slug":"2eme-activite","status":"publish","type":"page","link":"http:\/\/www.bataille-des-livres.ch\/wp\/chabin\/calendrier\/2eme-activite\/","title":{"rendered":"2\u00e8me activit\u00e9"},"content":{"rendered":"<p>Quelle imagination! Votre travail et vos propositions d\u00e9passent ce \u00e0 quoi je m&rsquo;attendais! Bien entendu, avec une quinzaine de classes participantes, j&rsquo;ai eu des choix plut\u00f4t difficiles \u00e0 faire. Voici comment j&rsquo;ai proc\u00e9d\u00e9\u00a0:<\/p>\n<p>Je n&rsquo;ai pas retenu une proposition au d\u00e9triment des quatorze autres. J&rsquo;ai pr\u00e9f\u00e9r\u00e9 puiser dans le mat\u00e9riel que vous m&rsquo;avez offert et en tirer des \u00e9l\u00e9ments qui me semblaient plus intrigants, plus propices au myst\u00e8re, plus porteurs pour notre histoire \u00e0 venir.<\/p>\n<p>Je n&rsquo;ai pas indiqu\u00e9 non plus \u00e0 quelle classe j&rsquo;ai emprunt\u00e9 tel ou tel \u00e9l\u00e9ment, chacune pourra tenter de retrouver ce qui vient d&rsquo;elle. Ce ne sera pas facile, car j&rsquo;ai souvent fait des m\u00e9langes\u2026<\/p>\n<p>Voici le r\u00e9sultat\u00a0:<\/p>\n<p>&#8211; Claude est une jeune fille d&rsquo;environ 16 ans. Elle s&rsquo;appelle Oc\u00e9ane, elle est de taille moyenne, a des cheveux noirs coup\u00e9s assez court (sa coiffure est du genre \u00abh\u00e9risson\u00bb). Elle a un caract\u00e8re un peu agressif et est plut\u00f4t introvertie, voire sauvage. Son milieu social est tr\u00e8s pauvre. Elle vit dans l&rsquo;ouest du quartier Saint-Henri, dans une vieille maison, avec son chat (Dagobert) et ses deux fr\u00e8res\u00a0(Max, 20 ans, et Mathieu, 12 ans), ainsi qu&rsquo;avec Laura, leur grand-m\u00e8re, qui les a \u00e9lev\u00e9s pratiquement seule.<\/p>\n<p>Son p\u00e8re est mort il y a des ann\u00e9es d&rsquo;une fa\u00e7on qui n&rsquo;a jamais \u00e9t\u00e9 \u00e9lucid\u00e9e par la police (Oc\u00e9ane et Max pensent qu&rsquo;il a \u00e9t\u00e9 assassin\u00e9). Il \u00e9tait artiste de cirque, lanceur de couteaux, plus exactement. Oc\u00e9ane ne poss\u00e8de que deux souvenirs de son p\u00e8re. Le premier est justement un couteau tr\u00e8s particulier\u00a0: un couteau de chasse \u00e0 lame tr\u00e8s longue, dans le manche duquel est sertie une dent d&rsquo;ours polaire (un cadeau que lui a fait un Inuit \u00e0 qui il a sauv\u00e9 la vie lors d&rsquo;une tourn\u00e9e dans le Nord). Le second est un blouson de soie rouge, encore un peu grand pour elle, mais qu&rsquo;elle porte \u00e9t\u00e9 comme hiver. Ce blouson unique en son genre est connu de tout le quartier.<\/p>\n<p>La m\u00e8re d&rsquo;Oc\u00e9ane, trap\u00e9ziste, est partie \u00e0 l&rsquo;\u00e9tranger quelques ann\u00e9es plus t\u00f4t, en abandonnant ses enfants \u00e0 Laura, la m\u00e8re du lanceur de couteaux. Oc\u00e9ane n&rsquo;a jamais eu de ses nouvelles.<\/p>\n<p>&#8211; Dominique est un gar\u00e7on de 17 ans, nomm\u00e9 Alex. Il est tr\u00e8s grand, maigre et assez mal \u00e0 l&rsquo;aise dans son corps. Il vit dans un milieu tr\u00e8s ais\u00e9\u00a0: ses parents, Val\u00e9rie et Nicolas, sont respectivement chirurgienne et avocat. Ils travaillent \u00e9norm\u00e9ment et ne sont presque jamais \u00e0 la maison (un loft tr\u00e8s luxueux am\u00e9nag\u00e9 dans une ancienne usine, pr\u00e8s du canal de Lachine). Alex a donc grandi presque seul, tout en ne manquant jamais de rien. Malgr\u00e9 son milieu, il est tr\u00e8s pr\u00e9occup\u00e9 par le probl\u00e8me de la mis\u00e8re et des in\u00e9galit\u00e9s sociales. Il a d&rsquo;ailleurs refus\u00e9 d&rsquo;aller dans une \u00e9cole priv\u00e9e o\u00f9 ses parents voulaient l&rsquo;envoyer, et il est en derni\u00e8re ann\u00e9e \u00e0 l&rsquo;\u00e9cole publique de Saint-Henri.<\/p>\n<p>C&rsquo;est \u00e0 cette \u00e9cole (au Qu\u00e9bec, on ne dit pas \u00ablyc\u00e9e\u00bb, mais \u00abpolyvalente\u00bb) qu&rsquo;Oc\u00e9ane et Alex se sont rencontr\u00e9s. Malgr\u00e9 leurs diff\u00e9rences sociales, ils s&rsquo;appr\u00e9cient et Alex est m\u00eame probablement amoureux d&rsquo;Oc\u00e9ane (Oc\u00e9ane, elle, est trop m\u00e9fiante \u00e0 l&rsquo;\u00e9gard du monde entier pour se laisser aller \u00e0 ses sentiments\u2026). Toutefois, Oc\u00e9ane aime quand Alex l&rsquo;initie aux complexit\u00e9s de la politique et de l&rsquo;\u00e9conomie, et Alex adore quand Oc\u00e9ane lui fait d\u00e9couvrir la musique et une vie \u00abagit\u00e9e\u00bb qui n&rsquo;est pas du tout la sienne\u2026<\/p>\n<p>Parmi les voisins d&rsquo;Oc\u00e9ane, il y a un vieux couple tr\u00e8s d\u00e9sagr\u00e9able qui passe son temps \u00e0 ronchonner et \u00e0 se m\u00ealer des affaires des autres. L&rsquo;homme a un \u0153il brun et l&rsquo;autre bleu, et il a un cochon nomm\u00e9 Nanan qu&rsquo;il sort parfois le soir. Entre lui et sa femme, on dirait qu&rsquo;il y a toujours quelqu&rsquo;un en train d&rsquo;espionner ce qui se passe dans la rue\u2026<\/p>\n<p>Voil\u00e0 donc pour nos personnages. Nous verrons plus tard s&rsquo;il convient d&rsquo;en ajouter, ou s&rsquo;il est n\u00e9cessaire de pr\u00e9ciser \u00e0 leur propos des d\u00e9tails utiles \u00e0 l&rsquo;intrigue. Parlant d&rsquo;intrigue, justement. Il nous manque quelque chose d&rsquo;essentiel\u00a0: <strong>qui est donc la personne dont Alex a d\u00e9couvert le cadavre?<\/strong><\/p>\n<div style=\"width: 750px; height: auto; overflow: auto; border: 1px solid black; background: none repeat scroll 0% 0% #cccccc; padding: 10px 10px 5px 5em;\"><strong><strong>Votre travail<\/strong><\/strong><em><em><br \/>\n<\/em><\/em>Nous y voil\u00e0. Qui est la victime? Homme, femme? Une personne connue d&rsquo;Oc\u00e9ane, d&rsquo;Alex? Des deux? Ou, au contraire, un(e) parfait(e) inconnu(e). S&rsquo;agit-il de quelqu&rsquo;un de la famille? D&rsquo;un voisin? Est-ce quelqu&rsquo;un qui surgit du pass\u00e9 ?Ce sera votre second travail. Faites sortir ce cadavre de l&rsquo;ombre. Donnez-lui un nom, une vie, des relations (ou non) avec nos personnages.Faites attention : soyez inventifs, mais r\u00e9alistes. \u00c9vitez les personnages trop complexes qui nous entra\u00eeneraient dans une histoire abracadabrante. Et, surtout, tenez compte des \u00e9l\u00e9ments qui, pour l&rsquo;instant, ont \u00e9t\u00e9 retenus. Nous verrons au fur et \u00e0 mesure s&rsquo;il y a des ajustements \u00e0 faire, mais ne vous \u00e9garez pas.<\/p>\n<p>\u00c0 vous de jouer, et bon courage!<\/p>\n<\/div>\n<p>&nbsp;<\/p>\n<p>Pour terminer, voulez-vous d\u00e9couvrir mon quartier et voir dans quel cadre va se d\u00e9rouler notre histoire? Je vis dans le quartier Saint-Henri, \u00e0 Montr\u00e9al. Tout pr\u00e8s du square Sir-George-Etienne-Cartier (o\u00f9 le cadavre sera peut-\u00eatre d\u00e9couvert par Alex\u2026).<\/p>\n<p>Voici quelques liens qui vous permettront de visualiser les lieux :<\/p>\n<ul>\n<li><a href=\"http:\/\/fr.wikipedia.org\/wiki\/Square_Sir-George-%C3%89tienne-Cartier\" target=\"_blank\">http:\/\/fr.wikipedia.org\/wiki\/Square_Sir-George-%C3%89tienne-Cartier<\/a><\/li>\n<li><a href=\" http:\/\/patrimoine.ville.montreal.qc.ca\/inventaire\/fiche_zone.php?zone=oui&amp;requete=simple&amp;id=1169\" target=\"_blank\">\u00a0http:\/\/patrimoine.ville.montreal.qc.ca\/inventaire\/fiche_zone.php?zone=oui&amp;requete=simple&amp;id=1169<\/a><\/li>\n<\/ul>\n<p>Pour ma part, j&rsquo;habite tout pr\u00e8s de l\u00e0, dans la rue Sainte-Marguerite, entre la rue Saint-Ambroise et le canal de Lachine :<\/p>\n<ul>\n<li><a href=\"http:\/\/fr.wikipedia.org\/wiki\/Canal_de_Lachine\" target=\"_blank\">http:\/\/fr.wikipedia.org\/wiki\/Canal_de_Lachine<\/a><\/li>\n<\/ul>\n<p>Pour vous y retrouver, allez sur Google Map ou Google View (vous savez comment on fait, je suppose\u2026) et cherchez ces endroits. Ou bien lisez mes romans policiers : Les Trois Lames, L&rsquo;\u00c9nigme du canal et 15 ans ferme, tous publi\u00e9s aux \u00e9ditions Hurtubise, se passent dans ce quartier\u2026<\/p>\n<p><strong>Pour t\u00e9l\u00e9charger : <a href=\"http:\/\/www.bataille-des-livres.ch\/wp\/chabin\/files\/2013\/01\/2eme-activite-chabin.pdf\" target=\"_blank\">2\u00e8me activit\u00e9<\/a><\/strong><\/p>\n","protected":false},"excerpt":{"rendered":"<p>Quelle imagination! Votre travail et vos propositions d\u00e9passent ce \u00e0 quoi je m&rsquo;attendais! Bien entendu, avec une quinzaine de classes participantes, j&rsquo;ai eu des choix plut\u00f4t difficiles \u00e0 faire. Voici comment j&rsquo;ai proc\u00e9d\u00e9\u00a0: Je n&rsquo;ai pas retenu une proposition au &hellip; <a href=\"http:\/\/www.bataille-des-livres.ch\/wp\/chabin\/calendrier\/2eme-activite\/\">Continuer la lecture <span class=\"meta-nav\">&rarr;<\/span><\/a><\/p>\n","protected":false},"author":1,"featured_media":0,"parent":2,"menu_order":0,"comment_status":"closed","ping_status":"closed","template":"","meta":[],"_links":{"self":[{"href":"http:\/\/www.bataille-des-livres.ch\/wp\/chabin\/wp-json\/wp\/v2\/pages\/59"}],"collection":[{"href":"http:\/\/www.bataille-des-livres.ch\/wp\/chabin\/wp-json\/wp\/v2\/pages"}],"about":[{"href":"http:\/\/www.bataille-des-livres.ch\/wp\/chabin\/wp-json\/wp\/v2\/types\/page"}],"author":[{"embeddable":true,"href":"http:\/\/www.bataille-des-livres.ch\/wp\/chabin\/wp-json\/wp\/v2\/users\/1"}],"replies":[{"embeddable":true,"href":"http:\/\/www.bataille-des-livres.ch\/wp\/chabin\/wp-json\/wp\/v2\/comments?post=59"}],"version-history":[{"count":15,"href":"http:\/\/www.bataille-des-livres.ch\/wp\/chabin\/wp-json\/wp\/v2\/pages\/59\/revisions"}],"predecessor-version":[{"id":87,"href":"http:\/\/www.bataille-des-livres.ch\/wp\/chabin\/wp-json\/wp\/v2\/pages\/59\/revisions\/87"}],"up":[{"embeddable":true,"href":"http:\/\/www.bataille-des-livres.ch\/wp\/chabin\/wp-json\/wp\/v2\/pages\/2"}],"wp:attachment":[{"href":"http:\/\/www.bataille-des-livres.ch\/wp\/chabin\/wp-json\/wp\/v2\/media?parent=59"}],"curies":[{"name":"wp","href":"https:\/\/api.w.org\/{rel}","templated":true}]}}