{"id":7,"date":"2019-09-15T11:25:31","date_gmt":"2019-09-15T09:25:31","guid":{"rendered":"http:\/\/www.bataille-des-livres.ch\/wp\/2019clement\/?page_id=7"},"modified":"2019-09-15T11:28:31","modified_gmt":"2019-09-15T09:28:31","slug":"calendrier","status":"publish","type":"page","link":"https:\/\/www.bataille-des-livres.ch\/wp\/2019clement\/calendrier\/","title":{"rendered":"Calendrier"},"content":{"rendered":"\n<p><strong>22 octobre 2019 :<\/strong> Publication de la premi\u00e8re \u00e9tape.<br><strong>du 22 octobre au 22 novembre :<\/strong> Retours des classes.<\/p>\n\n\n\n<p><strong>17 d\u00e9cembre 2019 :<\/strong> Publication de la deuxi\u00e8me \u00e9tape.<br><strong>du 17 d\u00e9cembre au 24 janvier:<\/strong> Retours des classes.<\/p>\n\n\n\n<p><strong>18 f\u00e9vrier 2020 :<\/strong> Publication de la troisi\u00e8me \u00e9tape.<br><strong>du 18 f\u00e9vrier au 20 mars :<\/strong> Retours des classes.<\/p>\n\n\n\n<p><strong>7 avril 2020 :<\/strong> Publication de la quatri\u00e8me \u00e9tape.<br><strong>du 7 avril au 15 mai :<\/strong> Retours des classes.<\/p>\n","protected":false},"excerpt":{"rendered":"<p>22 octobre 2019 : Publication de la premi\u00e8re \u00e9tape.du 22 octobre au 22 novembre : Retours des classes. 17 d\u00e9cembre 2019 : Publication de la deuxi\u00e8me \u00e9tape.du 17 d\u00e9cembre au 24 janvier: Retours des classes. 18 f\u00e9vrier 2020 : Publication &hellip; <a href=\"https:\/\/www.bataille-des-livres.ch\/wp\/2019clement\/calendrier\/\">Continuer la lecture <span class=\"meta-nav\">&rarr;<\/span><\/a><\/p>\n","protected":false},"author":1,"featured_media":0,"parent":0,"menu_order":0,"comment_status":"closed","ping_status":"closed","template":"","meta":[],"_links":{"self":[{"href":"https:\/\/www.bataille-des-livres.ch\/wp\/2019clement\/wp-json\/wp\/v2\/pages\/7"}],"collection":[{"href":"https:\/\/www.bataille-des-livres.ch\/wp\/2019clement\/wp-json\/wp\/v2\/pages"}],"about":[{"href":"https:\/\/www.bataille-des-livres.ch\/wp\/2019clement\/wp-json\/wp\/v2\/types\/page"}],"author":[{"embeddable":true,"href":"https:\/\/www.bataille-des-livres.ch\/wp\/2019clement\/wp-json\/wp\/v2\/users\/1"}],"replies":[{"embeddable":true,"href":"https:\/\/www.bataille-des-livres.ch\/wp\/2019clement\/wp-json\/wp\/v2\/comments?post=7"}],"version-history":[{"count":2,"href":"https:\/\/www.bataille-des-livres.ch\/wp\/2019clement\/wp-json\/wp\/v2\/pages\/7\/revisions"}],"predecessor-version":[{"id":36,"href":"https:\/\/www.bataille-des-livres.ch\/wp\/2019clement\/wp-json\/wp\/v2\/pages\/7\/revisions\/36"}],"wp:attachment":[{"href":"https:\/\/www.bataille-des-livres.ch\/wp\/2019clement\/wp-json\/wp\/v2\/media?parent=7"}],"curies":[{"name":"wp","href":"https:\/\/api.w.org\/{rel}","templated":true}]}}