{"id":201,"date":"2020-10-09T08:28:42","date_gmt":"2020-10-09T07:28:42","guid":{"rendered":"http:\/\/www.bataille-des-livres.ch\/wp\/?page_id=201"},"modified":"2021-10-05T08:03:03","modified_gmt":"2021-10-05T07:03:03","slug":"ateliers-decriture-2020-21","status":"publish","type":"page","link":"https:\/\/www.bataille-des-livres.ch\/wp\/archives\/ateliers-decriture-2020-21\/","title":{"rendered":"Ateliers d&rsquo;\u00e9criture &#8211; 2020-21"},"content":{"rendered":"\n<p>Pour cette \u00e9dition 2020-2021, le comit\u00e9 a choisi de placer les ateliers d\u2019\u00e9criture sous le th\u00e8me du polar, et propose deux formules: &nbsp;<\/p>\n\n\n\n<ul><li>Une formule classique, pour laquelle les classes seront sollicit\u00e9es&nbsp;&nbsp;<strong>4 fois&nbsp;<\/strong>&nbsp;et pour laquelle la Bataille des Livres a fait appel \u00e0 deux autrices et un auteur. V\u00e9ronique Delamarre Bell\u00e9go et Pascale Perrier proposent toutes les deux de partir sur un sch\u00e9ma narratif classique pour construire une super enqu\u00eate avec chaque classe. Jean-Christophe Tixier propose l\u2019exploration de diff\u00e9rentes formes d\u2019\u00e9criture et de diff\u00e9rents points de vue, avec une histoire qui tournera autour d&rsquo;un cambriolage.&nbsp; &nbsp; &nbsp; &nbsp; &nbsp; &nbsp; &nbsp; &nbsp; &nbsp;<\/li><\/ul>\n\n\n\n<ul><li>Une formule collaborative, dans laquelle les classes, regroup\u00e9es en duos, se partageront l&rsquo;\u00e9criture d&rsquo;un m\u00eame texte, dans un jeu d\u2019aller-retour entre les classes partenaires. Les \u00e9l\u00e8ves seront donc sollicit\u00e9s&nbsp;<strong>2 fois<\/strong>&nbsp;plut\u00f4t que 4 au cours de l\u2019ann\u00e9e. S\u00e9verine Vidal animera cet atelier.<\/li><\/ul>\n\n\n\n<div class=\"wp-container-1 wp-block-buttons\"><\/div>\n\n\n\n<p><a href=\"https:\/\/www.bataille-des-livres.ch\/wp\/2020delamarre\/\">Atelier de V\u00e9ronique Delamarre Bell\u00e9go<\/a><\/p>\n\n\n\n<p><a href=\"https:\/\/www.bataille-des-livres.ch\/wp\/2020perrier\/\">Atelier de Pascale Perrier<\/a><\/p>\n\n\n\n<p><a href=\"https:\/\/www.bataille-des-livres.ch\/wp\/2020tixier\/\">Atelier de Jean-Christophe Tixier<\/a><\/p>\n\n\n\n<p><a href=\"https:\/\/www.bataille-des-livres.ch\/wp\/2020vidal\/\">Atelier de S\u00e9verine Vidal<\/a><\/p>\n","protected":false},"excerpt":{"rendered":"<p>Pour cette \u00e9dition 2020-2021, le comit\u00e9 a choisi de placer les ateliers d\u2019\u00e9criture sous le th\u00e8me du polar, et propose deux formules: &nbsp; Une formule classique, pour laquelle les classes seront sollicit\u00e9es&nbsp;&nbsp;4 fois&nbsp;&nbsp;et pour laquelle la Bataille des Livres a &hellip; <a href=\"https:\/\/www.bataille-des-livres.ch\/wp\/archives\/ateliers-decriture-2020-21\/\">Continuer la lecture <span class=\"meta-nav\">&rarr;<\/span><\/a><\/p>\n","protected":false},"author":1,"featured_media":0,"parent":17,"menu_order":0,"comment_status":"closed","ping_status":"closed","template":"","meta":[],"_links":{"self":[{"href":"https:\/\/www.bataille-des-livres.ch\/wp\/wp-json\/wp\/v2\/pages\/201"}],"collection":[{"href":"https:\/\/www.bataille-des-livres.ch\/wp\/wp-json\/wp\/v2\/pages"}],"about":[{"href":"https:\/\/www.bataille-des-livres.ch\/wp\/wp-json\/wp\/v2\/types\/page"}],"author":[{"embeddable":true,"href":"https:\/\/www.bataille-des-livres.ch\/wp\/wp-json\/wp\/v2\/users\/1"}],"replies":[{"embeddable":true,"href":"https:\/\/www.bataille-des-livres.ch\/wp\/wp-json\/wp\/v2\/comments?post=201"}],"version-history":[{"count":3,"href":"https:\/\/www.bataille-des-livres.ch\/wp\/wp-json\/wp\/v2\/pages\/201\/revisions"}],"predecessor-version":[{"id":223,"href":"https:\/\/www.bataille-des-livres.ch\/wp\/wp-json\/wp\/v2\/pages\/201\/revisions\/223"}],"up":[{"embeddable":true,"href":"https:\/\/www.bataille-des-livres.ch\/wp\/wp-json\/wp\/v2\/pages\/17"}],"wp:attachment":[{"href":"https:\/\/www.bataille-des-livres.ch\/wp\/wp-json\/wp\/v2\/media?parent=201"}],"curies":[{"name":"wp","href":"https:\/\/api.w.org\/{rel}","templated":true}]}}